{"id":71,"date":"2018-07-04T15:37:07","date_gmt":"2018-07-04T13:37:07","guid":{"rendered":"http:\/\/3rproprete.fr\/entreprise-de-nettoyage\/?page_id=71"},"modified":"2024-02-03T17:34:13","modified_gmt":"2024-02-03T16:34:13","slug":"poste-a-pourvoir","status":"publish","type":"page","link":"http:\/\/3rproprete.fr\/entreprise-de-nettoyage\/ressources-humaines\/poste-a-pourvoir\/","title":{"rendered":"Postes \u00e0 pourvoir"},"content":{"rendered":"\n<p>&nbsp;<\/p>\n\n\n\n<div class=\"wp-block-columns has-2-columns is-layout-flex wp-container-core-columns-is-layout-1 wp-block-columns-is-layout-flex\">\n<div class=\"wp-block-column is-layout-flow wp-block-column-is-layout-flow\">\n<figure class=\"wp-block-image is-resized\"><img decoding=\"async\" src=\"http:\/\/3rproprete.fr\/entreprise-de-nettoyage\/wp-content\/uploads\/2018\/10\/Logos3R-transparent.png\" alt=\"\" class=\"wp-image-429\" width=\"540\" srcset=\"http:\/\/3rproprete.fr\/entreprise-de-nettoyage\/wp-content\/uploads\/2018\/10\/Logos3R-transparent.png 622w, http:\/\/3rproprete.fr\/entreprise-de-nettoyage\/wp-content\/uploads\/2018\/10\/Logos3R-transparent-300x165.png 300w\" sizes=\"(max-width: 622px) 100vw, 622px\" \/><\/figure>\n\n\n\n<h2 class=\"wp-block-heading\" style=\"text-align:center\"><strong>Intitul\u00e9 du poste<\/strong><\/h2>\n\n\n\n<h2 class=\"wp-block-heading\" style=\"text-align:center\">\n\nAGENT DE SERVICE H\/F\n\n<\/h2>\n<\/div>\n\n\n\n<div class=\"wp-block-column is-layout-flow wp-block-column-is-layout-flow\">\n<p>Contrat&nbsp;:\nCDD \/ CDI<\/p>\n\n\n\n<p><strong>Description de la mission<\/strong><\/p>\n\n\n\n<p>Rattach\u00e9 au Charg\u00e9 d\u2019Exploitation, vous assurez les prestations de nettoyage sur le site de nos clients, telles que : Nettoyage de bureaux, sanitaires, cuisine, sortie des poubelles\u2026<\/p>\n\n\n\n<p><strong>Profil<\/strong><\/p>\n\n\n\n<p>Exp\u00e9rience : Vous justifiez \u00e9galement d\u2019une exp\u00e9rience minimum de 1 an dans un poste similaire.<\/p>\n\n\n\n<p>Langue : fran\u00e7ais (lu, parl\u00e9, \u00e9crit)<\/p>\n\n\n\n<p>Horaires : poste \u00e0 temps partiel<\/p>\n\n\n\n<p>Profil : Autonome, ponctuel(le) et rigoureux(se), vous avez le sens du service et l\u2019esprit d\u2019\u00e9quipe. Bonne pr\u00e9sentation.<\/p>\n\n\n\n<p>Si vous pensez avoir les comp\u00e9tences requises, merci de nous faire parvenir rapidement votre candidature.<\/p>\n<\/div>\n<\/div>\n\n\n\n<p>&nbsp;<\/p>\n\n\n\n<p>&nbsp;<\/p>\n\n\n\n<div class=\"wp-block-columns has-2-columns is-layout-flex wp-container-core-columns-is-layout-2 wp-block-columns-is-layout-flex\">\n<div class=\"wp-block-column is-layout-flow wp-block-column-is-layout-flow\">\n<p>Contrat&nbsp;:\nCDD \/ CDI<\/p>\n\n\n\n<p><strong>Description de la mission<\/strong><\/p>\n\n\n\n<p>Rattach\u00e9 au Charg\u00e9 d\u2019Exploitation, vous organisez et assurez les <br>prestations de nettoyage de la vitrerie, facile d\u2019acc\u00e8s, sur les sites de nos clients.<\/p>\n\n\n\n<p><strong>Profil<\/strong><\/p>\n\n\n\n<p>Exp\u00e9rience : Vous justifiez \u00e9galement d\u2019une exp\u00e9rience minimum de 1 an dans un poste similaire.<\/p>\n\n\n\n<p>Langue : fran\u00e7ais (lu, parl\u00e9, \u00e9crit)<\/p>\n\n\n\n<p>Horaires : poste \u00e0 temps partiel<\/p>\n\n\n\n<p>Profil : Autonome, ponctuel(le) et rigoureux(se), vous avez le sens du <br>service et l\u2019esprit d\u2019\u00e9quipe. Bonne pr\u00e9sentation.<\/p>\n\n\n\n<p>Si vous pensez avoir les comp\u00e9tences requises, merci de nous faire <br>parvenir rapidement votre candidature<\/p>\n<\/div>\n\n\n\n<div class=\"wp-block-column is-layout-flow wp-block-column-is-layout-flow\">\n<figure class=\"wp-block-image\"><img loading=\"lazy\" decoding=\"async\" width=\"622\" height=\"342\" src=\"http:\/\/3rproprete.fr\/entreprise-de-nettoyage\/wp-content\/uploads\/2018\/10\/Logos3R-transparent.png\" alt=\"\" class=\"wp-image-429\" srcset=\"http:\/\/3rproprete.fr\/entreprise-de-nettoyage\/wp-content\/uploads\/2018\/10\/Logos3R-transparent.png 622w, http:\/\/3rproprete.fr\/entreprise-de-nettoyage\/wp-content\/uploads\/2018\/10\/Logos3R-transparent-300x165.png 300w\" sizes=\"(max-width: 622px) 100vw, 622px\" \/><\/figure>\n\n\n\n<h2 class=\"wp-block-heading\" style=\"text-align:center\"><strong>Intitul\u00e9 du poste<\/strong><\/h2>\n\n\n\n<h2 class=\"wp-block-heading\" style=\"text-align:center\">\n\nLAVEUR DE VITRES\n\n<\/h2>\n<\/div>\n<\/div>\n","protected":false},"excerpt":{"rendered":"<div class=\"slide-text-bg2\">\n<h3>&nbsp; Intitul\u00e9 du poste AGENT DE SERVICE H\/F Contrat&nbsp;: CDD \/ CDI Description de la mission Rattach\u00e9 au Charg\u00e9 d\u2019Exploitation,<\/h3>\n<\/div>\n<div class=\"flex-btn-div\"><a href=\"http:\/\/3rproprete.fr\/entreprise-de-nettoyage\/ressources-humaines\/poste-a-pourvoir\/\" class=\"btn1 flex-btn\">Read More<\/a><\/div>\n","protected":false},"author":1,"featured_media":0,"parent":22,"menu_order":2,"comment_status":"closed","ping_status":"closed","template":"","meta":{"footnotes":""},"_links":{"self":[{"href":"http:\/\/3rproprete.fr\/entreprise-de-nettoyage\/wp-json\/wp\/v2\/pages\/71"}],"collection":[{"href":"http:\/\/3rproprete.fr\/entreprise-de-nettoyage\/wp-json\/wp\/v2\/pages"}],"about":[{"href":"http:\/\/3rproprete.fr\/entreprise-de-nettoyage\/wp-json\/wp\/v2\/types\/page"}],"author":[{"embeddable":true,"href":"http:\/\/3rproprete.fr\/entreprise-de-nettoyage\/wp-json\/wp\/v2\/users\/1"}],"replies":[{"embeddable":true,"href":"http:\/\/3rproprete.fr\/entreprise-de-nettoyage\/wp-json\/wp\/v2\/comments?post=71"}],"version-history":[{"count":33,"href":"http:\/\/3rproprete.fr\/entreprise-de-nettoyage\/wp-json\/wp\/v2\/pages\/71\/revisions"}],"predecessor-version":[{"id":981,"href":"http:\/\/3rproprete.fr\/entreprise-de-nettoyage\/wp-json\/wp\/v2\/pages\/71\/revisions\/981"}],"up":[{"embeddable":true,"href":"http:\/\/3rproprete.fr\/entreprise-de-nettoyage\/wp-json\/wp\/v2\/pages\/22"}],"wp:attachment":[{"href":"http:\/\/3rproprete.fr\/entreprise-de-nettoyage\/wp-json\/wp\/v2\/media?parent=71"}],"curies":[{"name":"wp","href":"https:\/\/api.w.org\/{rel}","templated":true}]}}