{"id":69,"date":"2018-07-04T15:35:04","date_gmt":"2018-07-04T13:35:04","guid":{"rendered":"http:\/\/3rproprete.fr\/entreprise-de-nettoyage\/?page_id=69"},"modified":"2024-02-03T17:21:40","modified_gmt":"2024-02-03T16:21:40","slug":"politique-de-management","status":"publish","type":"page","link":"http:\/\/3rproprete.fr\/entreprise-de-nettoyage\/ressources-humaines\/politique-de-management\/","title":{"rendered":"Politique de management"},"content":{"rendered":"\n<p>&nbsp;<\/p>\n\n\n\n<div class=\"wp-block-columns has-2-columns is-layout-flex wp-container-core-columns-is-layout-1 wp-block-columns-is-layout-flex\">\n<div class=\"wp-block-column is-layout-flow wp-block-column-is-layout-flow\">\n<figure class=\"wp-block-image\"><img loading=\"lazy\" decoding=\"async\" width=\"540\" height=\"554\" src=\"http:\/\/3rproprete.fr\/entreprise-de-nettoyage\/wp-content\/uploads\/2018\/11\/politique-management-hd.jpg\" alt=\"\" class=\"wp-image-791\" srcset=\"http:\/\/3rproprete.fr\/entreprise-de-nettoyage\/wp-content\/uploads\/2018\/11\/politique-management-hd.jpg 540w, http:\/\/3rproprete.fr\/entreprise-de-nettoyage\/wp-content\/uploads\/2018\/11\/politique-management-hd-292x300.jpg 292w\" sizes=\"(max-width: 540px) 100vw, 540px\" \/><\/figure>\n<\/div>\n\n\n\n<div class=\"wp-block-column is-layout-flow wp-block-column-is-layout-flow\">\n<p class=\"justifier\">La politique de carri\u00e8re interne fid\u00e9lise nos collaborateurs et nos actions en mati\u00e8re de formation visent \u00e0 d\u00e9velopper le m\u00e9tier de la propret\u00e9 et des services associ\u00e9s. La comp\u00e9tence repose sur l\u2019encadrement et la formation de notre personnel, tout comme notre attachement aux notions de confidentialit\u00e9 et d&rsquo;honn\u00eatet\u00e9.<\/p>\n\n\n\n<p class=\"justifier\">3R Propret\u00e9 pratique une \u00e9valuation des comp\u00e9tences, une estimation des aptitudes et une valorisation du personnel pour mener \u00e0 bien une politique de carri\u00e8re interne. Bien encadr\u00e9, le personnel de 3R Propret\u00e9 participe \u00e0 la satisfaction du client.<\/p>\n\n\n\n<p style=\"text-align:center\" class=\"justifier\"><br><\/p>\n\n\n\n<p class=\"justifier\">Notre amanagement sensibilise nos agents sur le respect du cahier des charges, mais aussi sur la ponctualit\u00e9, l\u2019hygi\u00e8ne, la r\u00e9activit\u00e9 et le respect des consignes de s\u00e9curit\u00e9. Le r\u00e9sultat des contr\u00f4les qualit\u00e9 reste un vrai challenge pour nos \u00e9quipes. Leur engagement personnel et professionnel est li\u00e9 \u00e0 notre culture d\u2019entreprise.<\/p>\n\n\n\n<p class=\"justifier\">L\u2019\u00e9tat d\u2019esprit de 3R Propret\u00e9 favorise l\u2019int\u00e9gration des diversit\u00e9s culturelles, l\u2019adaptation des travailleurs handicap\u00e9s, la r\u00e9insertion et la formation des\njeunes en alternance.<\/p>\n\n\n\n<p> <\/p>\n<\/div>\n<\/div>\n","protected":false},"excerpt":{"rendered":"<div class=\"slide-text-bg2\">\n<h3>&nbsp; La politique de carri\u00e8re interne fid\u00e9lise nos collaborateurs et nos actions en mati\u00e8re de formation visent \u00e0 d\u00e9velopper le<\/h3>\n<\/div>\n<div class=\"flex-btn-div\"><a href=\"http:\/\/3rproprete.fr\/entreprise-de-nettoyage\/ressources-humaines\/politique-de-management\/\" class=\"btn1 flex-btn\">Read More<\/a><\/div>\n","protected":false},"author":1,"featured_media":0,"parent":22,"menu_order":1,"comment_status":"closed","ping_status":"closed","template":"","meta":{"footnotes":""},"_links":{"self":[{"href":"http:\/\/3rproprete.fr\/entreprise-de-nettoyage\/wp-json\/wp\/v2\/pages\/69"}],"collection":[{"href":"http:\/\/3rproprete.fr\/entreprise-de-nettoyage\/wp-json\/wp\/v2\/pages"}],"about":[{"href":"http:\/\/3rproprete.fr\/entreprise-de-nettoyage\/wp-json\/wp\/v2\/types\/page"}],"author":[{"embeddable":true,"href":"http:\/\/3rproprete.fr\/entreprise-de-nettoyage\/wp-json\/wp\/v2\/users\/1"}],"replies":[{"embeddable":true,"href":"http:\/\/3rproprete.fr\/entreprise-de-nettoyage\/wp-json\/wp\/v2\/comments?post=69"}],"version-history":[{"count":12,"href":"http:\/\/3rproprete.fr\/entreprise-de-nettoyage\/wp-json\/wp\/v2\/pages\/69\/revisions"}],"predecessor-version":[{"id":967,"href":"http:\/\/3rproprete.fr\/entreprise-de-nettoyage\/wp-json\/wp\/v2\/pages\/69\/revisions\/967"}],"up":[{"embeddable":true,"href":"http:\/\/3rproprete.fr\/entreprise-de-nettoyage\/wp-json\/wp\/v2\/pages\/22"}],"wp:attachment":[{"href":"http:\/\/3rproprete.fr\/entreprise-de-nettoyage\/wp-json\/wp\/v2\/media?parent=69"}],"curies":[{"name":"wp","href":"https:\/\/api.w.org\/{rel}","templated":true}]}}