{"id":65,"date":"2018-07-04T15:32:35","date_gmt":"2018-07-04T13:32:35","guid":{"rendered":"http:\/\/3rproprete.fr\/entreprise-de-nettoyage\/?page_id=65"},"modified":"2018-11-12T13:41:05","modified_gmt":"2018-11-12T12:41:05","slug":"secteurs-dinterventions","status":"publish","type":"page","link":"http:\/\/3rproprete.fr\/entreprise-de-nettoyage\/multiservices\/secteurs-dinterventions\/","title":{"rendered":"Secteurs d\u2019intervention"},"content":{"rendered":"\n<p>&nbsp;<\/p>\n\n\n\n<div class=\"wp-block-columns has-2-columns is-layout-flex wp-container-core-columns-is-layout-1 wp-block-columns-is-layout-flex\">\n<div class=\"wp-block-column is-layout-flow wp-block-column-is-layout-flow\">\n<figure class=\"wp-block-image\"><img loading=\"lazy\" decoding=\"async\" width=\"540\" height=\"554\" src=\"http:\/\/3rproprete.fr\/entreprise-de-nettoyage\/wp-content\/uploads\/2018\/11\/home-secteur-interventions-hd.jpg\" alt=\"\" class=\"wp-image-790\" srcset=\"http:\/\/3rproprete.fr\/entreprise-de-nettoyage\/wp-content\/uploads\/2018\/11\/home-secteur-interventions-hd.jpg 540w, http:\/\/3rproprete.fr\/entreprise-de-nettoyage\/wp-content\/uploads\/2018\/11\/home-secteur-interventions-hd-292x300.jpg 292w\" sizes=\"(max-width: 540px) 100vw, 540px\" \/><\/figure>\n<\/div>\n\n\n\n<div class=\"wp-block-column is-layout-flow wp-block-column-is-layout-flow\">\n<p class=\"justifier\">Nous intervenons dans de nombreux secteurs d\u2019activit\u00e9s tels que&nbsp;: Tertiaire, Ev\u00e9nementiel, M\u00e9dias, Assurances, Cabinets d\u2019avocats, Offices notariaux, Organismes de formation, Cabinets de recrutement, Secteur bancaire, Restauration d\u2019entreprise, Parties communes d\u2019immeubles, \u2026<\/p>\n\n\n\n<p class=\"justifier\">Acteur indispensable dans la gestion des urgences des donneurs d\u2019ordres de prestations haut de gamme, 3R Propret\u00e9 coordonne, organise et intervient \u00e0 tout moment dans des secteurs sp\u00e9cifiques comme&nbsp;: Ateliers de haute couture, D\u00e9fil\u00e9s &amp; Collections, Galeries d\u2019Art, Boutiques de luxe, Centres de conf\u00e9rence, Showroom, Salons de coiffure, Si\u00e8ges Sociaux, \u2026<\/p>\n<\/div>\n<\/div>\n","protected":false},"excerpt":{"rendered":"<div class=\"slide-text-bg2\">\n<h3>&nbsp; Nous intervenons dans de nombreux secteurs d\u2019activit\u00e9s tels que&nbsp;: Tertiaire, Ev\u00e9nementiel, M\u00e9dias, Assurances, Cabinets d\u2019avocats, Offices notariaux, Organismes de<\/h3>\n<\/div>\n<div class=\"flex-btn-div\"><a href=\"http:\/\/3rproprete.fr\/entreprise-de-nettoyage\/multiservices\/secteurs-dinterventions\/\" class=\"btn1 flex-btn\">Read More<\/a><\/div>\n","protected":false},"author":1,"featured_media":0,"parent":21,"menu_order":3,"comment_status":"closed","ping_status":"closed","template":"","meta":{"footnotes":""},"_links":{"self":[{"href":"http:\/\/3rproprete.fr\/entreprise-de-nettoyage\/wp-json\/wp\/v2\/pages\/65"}],"collection":[{"href":"http:\/\/3rproprete.fr\/entreprise-de-nettoyage\/wp-json\/wp\/v2\/pages"}],"about":[{"href":"http:\/\/3rproprete.fr\/entreprise-de-nettoyage\/wp-json\/wp\/v2\/types\/page"}],"author":[{"embeddable":true,"href":"http:\/\/3rproprete.fr\/entreprise-de-nettoyage\/wp-json\/wp\/v2\/users\/1"}],"replies":[{"embeddable":true,"href":"http:\/\/3rproprete.fr\/entreprise-de-nettoyage\/wp-json\/wp\/v2\/comments?post=65"}],"version-history":[{"count":5,"href":"http:\/\/3rproprete.fr\/entreprise-de-nettoyage\/wp-json\/wp\/v2\/pages\/65\/revisions"}],"predecessor-version":[{"id":811,"href":"http:\/\/3rproprete.fr\/entreprise-de-nettoyage\/wp-json\/wp\/v2\/pages\/65\/revisions\/811"}],"up":[{"embeddable":true,"href":"http:\/\/3rproprete.fr\/entreprise-de-nettoyage\/wp-json\/wp\/v2\/pages\/21"}],"wp:attachment":[{"href":"http:\/\/3rproprete.fr\/entreprise-de-nettoyage\/wp-json\/wp\/v2\/media?parent=65"}],"curies":[{"name":"wp","href":"https:\/\/api.w.org\/{rel}","templated":true}]}}