{"id":61,"date":"2018-07-04T15:14:32","date_gmt":"2018-07-04T13:14:32","guid":{"rendered":"http:\/\/3rproprete.fr\/entreprise-de-nettoyage\/?page_id=61"},"modified":"2024-02-03T16:04:38","modified_gmt":"2024-02-03T15:04:38","slug":"notre-coeur-de-metier","status":"publish","type":"page","link":"http:\/\/3rproprete.fr\/entreprise-de-nettoyage\/multiservices\/notre-coeur-de-metier\/","title":{"rendered":"Notre C\u0153ur M\u00e9tier"},"content":{"rendered":"\n<h2 class=\"wp-block-heading\">&nbsp;<\/h2>\n\n\n\n<div class=\"wp-block-columns has-2-columns is-layout-flex wp-container-core-columns-is-layout-1 wp-block-columns-is-layout-flex\">\n<div class=\"wp-block-column is-layout-flow wp-block-column-is-layout-flow\">\n<figure class=\"wp-block-image\"><img loading=\"lazy\" decoding=\"async\" width=\"540\" height=\"554\" src=\"http:\/\/3rproprete.fr\/entreprise-de-nettoyage\/wp-content\/uploads\/2018\/11\/notre-coeur-metier.jpg\" alt=\"\" class=\"wp-image-815\" srcset=\"http:\/\/3rproprete.fr\/entreprise-de-nettoyage\/wp-content\/uploads\/2018\/11\/notre-coeur-metier.jpg 540w, http:\/\/3rproprete.fr\/entreprise-de-nettoyage\/wp-content\/uploads\/2018\/11\/notre-coeur-metier-292x300.jpg 292w\" sizes=\"(max-width: 540px) 100vw, 540px\" \/><\/figure>\n<\/div>\n\n\n\n<div class=\"wp-block-column is-layout-flow wp-block-column-is-layout-flow\">\n<p class=\"justifier\">3R Propret\u00e9 respecte toutes les r\u00e8gles d\u2019hygi\u00e8ne et de s\u00e9curit\u00e9 et dispose de comp\u00e9tences pour effectuer et encadrer ses prestations de nettoyage et leur suivi. Travailler dans un environnement sain contribue au bien-\u00eatre de vos collaborateurs et favorise leur confort. C\u2019est pourquoi la satisfaction des clients est notre priorit\u00e9.<\/p>\n\n\n\n<p class=\"justifier\">Les Chefs d\u2019Exploitation analysent chaque demande ponctuelle et leur r\u00e9activit\u00e9 est digne de confiance. Avec une \u00e9coute au quotidien, le r\u00e9sultat est garanti.<\/p>\n<\/div>\n<\/div>\n","protected":false},"excerpt":{"rendered":"<div class=\"slide-text-bg2\">\n<h3>&nbsp; 3R Propret\u00e9 respecte toutes les r\u00e8gles d\u2019hygi\u00e8ne et de s\u00e9curit\u00e9 et dispose de comp\u00e9tences pour effectuer et encadrer ses<\/h3>\n<\/div>\n<div class=\"flex-btn-div\"><a href=\"http:\/\/3rproprete.fr\/entreprise-de-nettoyage\/multiservices\/notre-coeur-de-metier\/\" class=\"btn1 flex-btn\">Read More<\/a><\/div>\n","protected":false},"author":1,"featured_media":0,"parent":21,"menu_order":1,"comment_status":"closed","ping_status":"closed","template":"","meta":{"footnotes":""},"_links":{"self":[{"href":"http:\/\/3rproprete.fr\/entreprise-de-nettoyage\/wp-json\/wp\/v2\/pages\/61"}],"collection":[{"href":"http:\/\/3rproprete.fr\/entreprise-de-nettoyage\/wp-json\/wp\/v2\/pages"}],"about":[{"href":"http:\/\/3rproprete.fr\/entreprise-de-nettoyage\/wp-json\/wp\/v2\/types\/page"}],"author":[{"embeddable":true,"href":"http:\/\/3rproprete.fr\/entreprise-de-nettoyage\/wp-json\/wp\/v2\/users\/1"}],"replies":[{"embeddable":true,"href":"http:\/\/3rproprete.fr\/entreprise-de-nettoyage\/wp-json\/wp\/v2\/comments?post=61"}],"version-history":[{"count":12,"href":"http:\/\/3rproprete.fr\/entreprise-de-nettoyage\/wp-json\/wp\/v2\/pages\/61\/revisions"}],"predecessor-version":[{"id":960,"href":"http:\/\/3rproprete.fr\/entreprise-de-nettoyage\/wp-json\/wp\/v2\/pages\/61\/revisions\/960"}],"up":[{"embeddable":true,"href":"http:\/\/3rproprete.fr\/entreprise-de-nettoyage\/wp-json\/wp\/v2\/pages\/21"}],"wp:attachment":[{"href":"http:\/\/3rproprete.fr\/entreprise-de-nettoyage\/wp-json\/wp\/v2\/media?parent=61"}],"curies":[{"name":"wp","href":"https:\/\/api.w.org\/{rel}","templated":true}]}}