{"id":59,"date":"2018-07-04T15:13:39","date_gmt":"2018-07-04T13:13:39","guid":{"rendered":"http:\/\/3rproprete.fr\/entreprise-de-nettoyage\/?page_id=59"},"modified":"2018-11-14T00:18:15","modified_gmt":"2018-11-13T23:18:15","slug":"eco-prestation","status":"publish","type":"page","link":"http:\/\/3rproprete.fr\/entreprise-de-nettoyage\/nos-engagements\/eco-prestation\/","title":{"rendered":"Eco-prestation"},"content":{"rendered":"\n<h2 class=\"wp-block-heading\">&nbsp;<\/h2>\n\n\n\n<div class=\"wp-block-columns has-2-columns is-layout-flex wp-container-core-columns-is-layout-2 wp-block-columns-is-layout-flex\">\n<div class=\"wp-block-column is-layout-flow wp-block-column-is-layout-flow\">\n<figure class=\"wp-block-image\"><img loading=\"lazy\" decoding=\"async\" width=\"540\" height=\"554\" src=\"http:\/\/3rproprete.fr\/entreprise-de-nettoyage\/wp-content\/uploads\/2018\/11\/eco-prestation3.jpg\" alt=\"\" class=\"wp-image-809\" srcset=\"http:\/\/3rproprete.fr\/entreprise-de-nettoyage\/wp-content\/uploads\/2018\/11\/eco-prestation3.jpg 540w, http:\/\/3rproprete.fr\/entreprise-de-nettoyage\/wp-content\/uploads\/2018\/11\/eco-prestation3-292x300.jpg 292w\" sizes=\"(max-width: 540px) 100vw, 540px\" \/><\/figure>\n<\/div>\n\n\n\n<div class=\"wp-block-column is-layout-flow wp-block-column-is-layout-flow\">\n<p class=\"justifier\">Nous utilisons, notamment, des produits labellis\u00e9s <strong>Eco&rsquo;Reflex<\/strong> et des produits 100% biod\u00e9gradables et naturel qui r\u00e9pondent \u00e0 des crit\u00e8res rigoureux. Ce qui nous a conduits \u00e0 substituer un grand nombre de produits \u00e0 d&rsquo;autres, afin d\u2019obtenir la plus basse toxicit\u00e9 et la biod\u00e9gradabilit\u00e9 la plus \u00e9lev\u00e9e.<\/p>\n\n\n\n<p class=\"justifier\">Notre personnel est \u00e9galement form\u00e9 \u00e0 veiller aux \u00e9conomies \u00e9nerg\u00e9tiques telles que l\u2019utilisation de l\u2019eau et de l\u2019\u00e9lectricit\u00e9, ainsi qu&rsquo;\u00e0 pratiquer le tri des d\u00e9chets sur les sites o\u00f9 il \u0153uvre.<\/p>\n\n\n\n<div class=\"wp-block-columns has-2-columns is-layout-flex wp-container-core-columns-is-layout-1 wp-block-columns-is-layout-flex\">\n<div class=\"wp-block-column is-layout-flow wp-block-column-is-layout-flow\">\n<div class=\"wp-block-image\"><figure class=\"aligncenter\"><img loading=\"lazy\" decoding=\"async\" width=\"111\" height=\"111\" src=\"http:\/\/3rproprete.fr\/entreprise-de-nettoyage\/wp-content\/uploads\/2018\/10\/ecolabel.jpg\" alt=\"\" class=\"wp-image-392\"\/><\/figure><\/div>\n<\/div>\n\n\n\n<div class=\"wp-block-column is-layout-flow wp-block-column-is-layout-flow\">\n<div class=\"wp-block-image\"><figure class=\"aligncenter\"><img loading=\"lazy\" decoding=\"async\" width=\"186\" height=\"104\" src=\"http:\/\/3rproprete.fr\/entreprise-de-nettoyage\/wp-content\/uploads\/2018\/10\/ecoreflex.jpg\" alt=\"\" class=\"wp-image-393\"\/><\/figure><\/div>\n<\/div>\n<\/div>\n\n\n\n<p><\/p>\n<\/div>\n<\/div>\n","protected":false},"excerpt":{"rendered":"<div class=\"slide-text-bg2\">\n<h3>&nbsp; Nous utilisons, notamment, des produits labellis\u00e9s Eco&rsquo;Reflex et des produits 100% biod\u00e9gradables et naturel qui r\u00e9pondent \u00e0 des crit\u00e8res<\/h3>\n<\/div>\n<div class=\"flex-btn-div\"><a href=\"http:\/\/3rproprete.fr\/entreprise-de-nettoyage\/nos-engagements\/eco-prestation\/\" class=\"btn1 flex-btn\">Read More<\/a><\/div>\n","protected":false},"author":1,"featured_media":0,"parent":19,"menu_order":3,"comment_status":"closed","ping_status":"closed","template":"","meta":{"footnotes":""},"_links":{"self":[{"href":"http:\/\/3rproprete.fr\/entreprise-de-nettoyage\/wp-json\/wp\/v2\/pages\/59"}],"collection":[{"href":"http:\/\/3rproprete.fr\/entreprise-de-nettoyage\/wp-json\/wp\/v2\/pages"}],"about":[{"href":"http:\/\/3rproprete.fr\/entreprise-de-nettoyage\/wp-json\/wp\/v2\/types\/page"}],"author":[{"embeddable":true,"href":"http:\/\/3rproprete.fr\/entreprise-de-nettoyage\/wp-json\/wp\/v2\/users\/1"}],"replies":[{"embeddable":true,"href":"http:\/\/3rproprete.fr\/entreprise-de-nettoyage\/wp-json\/wp\/v2\/comments?post=59"}],"version-history":[{"count":12,"href":"http:\/\/3rproprete.fr\/entreprise-de-nettoyage\/wp-json\/wp\/v2\/pages\/59\/revisions"}],"predecessor-version":[{"id":814,"href":"http:\/\/3rproprete.fr\/entreprise-de-nettoyage\/wp-json\/wp\/v2\/pages\/59\/revisions\/814"}],"up":[{"embeddable":true,"href":"http:\/\/3rproprete.fr\/entreprise-de-nettoyage\/wp-json\/wp\/v2\/pages\/19"}],"wp:attachment":[{"href":"http:\/\/3rproprete.fr\/entreprise-de-nettoyage\/wp-json\/wp\/v2\/media?parent=59"}],"curies":[{"name":"wp","href":"https:\/\/api.w.org\/{rel}","templated":true}]}}