{"id":55,"date":"2018-07-04T15:12:52","date_gmt":"2018-07-04T13:12:52","guid":{"rendered":"http:\/\/3rproprete.fr\/entreprise-de-nettoyage\/?page_id=55"},"modified":"2024-02-03T15:47:46","modified_gmt":"2024-02-03T14:47:46","slug":"politique-de-qualite","status":"publish","type":"page","link":"http:\/\/3rproprete.fr\/entreprise-de-nettoyage\/nos-engagements\/politique-de-qualite\/","title":{"rendered":"Politique de qualit\u00e9 &#038; Organisation du travail"},"content":{"rendered":"\n<p>&nbsp;<\/p>\n\n\n\n<p>&nbsp;<\/p>\n\n\n\n<div class=\"wp-block-columns has-2-columns is-layout-flex wp-container-core-columns-is-layout-1 wp-block-columns-is-layout-flex\">\n<div class=\"wp-block-column is-layout-flow wp-block-column-is-layout-flow\">\n<div class=\"wp-block-image\"><figure class=\"alignleft\"><img loading=\"lazy\" decoding=\"async\" width=\"540\" height=\"554\" src=\"http:\/\/3rproprete.fr\/entreprise-de-nettoyage\/wp-content\/uploads\/2018\/11\/home-qualite-2-hd.jpg\" alt=\"\" class=\"wp-image-789\" srcset=\"http:\/\/3rproprete.fr\/entreprise-de-nettoyage\/wp-content\/uploads\/2018\/11\/home-qualite-2-hd.jpg 540w, http:\/\/3rproprete.fr\/entreprise-de-nettoyage\/wp-content\/uploads\/2018\/11\/home-qualite-2-hd-292x300.jpg 292w\" sizes=\"(max-width: 540px) 100vw, 540px\" \/><\/figure><\/div>\n<\/div>\n\n\n\n<div class=\"wp-block-column is-layout-flow wp-block-column-is-layout-flow\">\n<p class=\"justifier\">Le respect de nos engagements qualit\u00e9 passe par des outils simples et efficaces pour une utilisation dynamique et compr\u00e9hensible pour tous.<\/p>\n\n\n\n<p class=\"justifier\">Les Chefs d\u2019exploitation contr\u00f4lent r\u00e9guli\u00e8rement l\u2019ensemble des salari\u00e9s en leur apportant un soutien technique (fiche de poste, planning, \u2026) et la formation n\u00e9cessaire (technique de nettoyage, utilisation des produits et respect des normes environnementales\u2026) pour r\u00e9aliser la prestation attendue par le client. Ils s\u2019assurent de la bonne compr\u00e9hension des fiches de poste, de la manipulation des produits et mat\u00e9riels, des consignes de s\u00e9curit\u00e9 et du bon usage des \u00e9quipements de protection individuel. Ils recueillent, \u00e9galement, l\u2019opinion des utilisateurs sur la qualit\u00e9 de notre prestation et apportent les am\u00e9liorations n\u00e9cessaires.<\/p>\n\n\n\n<p class=\"justifier\">Pour chacun de ses clients, 3R Propret\u00e9 planifie sur l\u2019ann\u00e9e, l\u2019ensemble des prestations p\u00e9riodiques afin d\u2019avoir une meilleure organisation et un meilleur suivi du cahier des charges. Les prestations de vitrerie sont \u00e9galement planifi\u00e9es et propos\u00e9es, chaque d\u00e9but d\u2019ann\u00e9e, aux clients.<\/p>\n\n\n\n<p class=\"justifier\">La Direction a mis en place un syst\u00e8me bimestriel de contr\u00f4les et d\u2019\u00e9valuations inopin\u00e9s, pour encourager le personnel \u00e0 prendre conscience de l\u2019importance de son r\u00f4le. Cette initiative permet d\u2019appr\u00e9cier la prestation r\u00e9alis\u00e9e et de valoriser le salari\u00e9. Une gratification est bas\u00e9e sur\u00a0son implication, sa motivation, son engagement, son assiduit\u00e9, son comportement, sa tenue vestimentaire<\/p>\n<\/div>\n<\/div>\n\n\n\n<p class=\"justifier\">et la qualit\u00e9 globale de son travail. son implication, sa motivation, son engagement, son assiduit\u00e9, son comportement, sa tenue vestimentaire et la qualit\u00e9 globale de son travail.\u00a0Le contr\u00f4le contradictoire, se programme entre le client, la Direction ou les Chefs d\u2019exploitation. Les indicateurs de mesure ont pour objet d\u2019identifier, sur l\u2019ensemble des locaux, les d\u00e9rives \u00e9ventuelles et d\u2019apporter, d\u00e8s le lendemain, les actions correctives. Source de fiabilit\u00e9, ces contr\u00f4les qualit\u00e9 sont analys\u00e9s \u00e0 chaque r\u00e9union d\u2019exploitation.<\/p>\n\n\n\n<p>&nbsp;<\/p>\n\n\n\n<p style=\"text-align:center\"><strong><em>\u00ab\u00a0LA QUALITE EST UN POINT D\u2019HONNEUR POUR NOS SALARIES. LES GRATIFIER C\u2019EST LES ENCOURAGER\u00a0\u00bb&nbsp;<\/em><\/strong><\/p>\n","protected":false},"excerpt":{"rendered":"<div class=\"slide-text-bg2\">\n<h3>&nbsp; &nbsp; Le respect de nos engagements qualit\u00e9 passe par des outils simples et efficaces pour une utilisation dynamique et<\/h3>\n<\/div>\n<div class=\"flex-btn-div\"><a href=\"http:\/\/3rproprete.fr\/entreprise-de-nettoyage\/nos-engagements\/politique-de-qualite\/\" class=\"btn1 flex-btn\">Read More<\/a><\/div>\n","protected":false},"author":1,"featured_media":0,"parent":19,"menu_order":1,"comment_status":"closed","ping_status":"closed","template":"","meta":{"footnotes":""},"_links":{"self":[{"href":"http:\/\/3rproprete.fr\/entreprise-de-nettoyage\/wp-json\/wp\/v2\/pages\/55"}],"collection":[{"href":"http:\/\/3rproprete.fr\/entreprise-de-nettoyage\/wp-json\/wp\/v2\/pages"}],"about":[{"href":"http:\/\/3rproprete.fr\/entreprise-de-nettoyage\/wp-json\/wp\/v2\/types\/page"}],"author":[{"embeddable":true,"href":"http:\/\/3rproprete.fr\/entreprise-de-nettoyage\/wp-json\/wp\/v2\/users\/1"}],"replies":[{"embeddable":true,"href":"http:\/\/3rproprete.fr\/entreprise-de-nettoyage\/wp-json\/wp\/v2\/comments?post=55"}],"version-history":[{"count":45,"href":"http:\/\/3rproprete.fr\/entreprise-de-nettoyage\/wp-json\/wp\/v2\/pages\/55\/revisions"}],"predecessor-version":[{"id":959,"href":"http:\/\/3rproprete.fr\/entreprise-de-nettoyage\/wp-json\/wp\/v2\/pages\/55\/revisions\/959"}],"up":[{"embeddable":true,"href":"http:\/\/3rproprete.fr\/entreprise-de-nettoyage\/wp-json\/wp\/v2\/pages\/19"}],"wp:attachment":[{"href":"http:\/\/3rproprete.fr\/entreprise-de-nettoyage\/wp-json\/wp\/v2\/media?parent=55"}],"curies":[{"name":"wp","href":"https:\/\/api.w.org\/{rel}","templated":true}]}}