{"id":46,"date":"2018-07-04T15:07:27","date_gmt":"2018-07-04T13:07:27","guid":{"rendered":"http:\/\/3rproprete.fr\/entreprise-de-nettoyage\/?page_id=46"},"modified":"2024-02-03T17:13:38","modified_gmt":"2024-02-03T16:13:38","slug":"3r-proprete","status":"publish","type":"page","link":"http:\/\/3rproprete.fr\/entreprise-de-nettoyage\/presentation\/3r-proprete\/","title":{"rendered":"3R Propret\u00e9"},"content":{"rendered":"\n<p>&nbsp;<\/p>\n\n\n\n<p>&nbsp;<\/p>\n\n\n\n<div class=\"wp-block-columns has-2-columns is-layout-flex wp-container-core-columns-is-layout-1 wp-block-columns-is-layout-flex\">\n<div class=\"wp-block-column is-layout-flow wp-block-column-is-layout-flow\">\n<div class=\"wp-block-image\"><figure class=\"alignright is-resized\"><img decoding=\"async\" src=\"http:\/\/3rproprete.fr\/entreprise-de-nettoyage\/wp-content\/uploads\/2018\/10\/Logos3R-transparent2.png\" alt=\"\" class=\"wp-image-441\" width=\"350\" srcset=\"http:\/\/3rproprete.fr\/entreprise-de-nettoyage\/wp-content\/uploads\/2018\/10\/Logos3R-transparent2.png 622w, http:\/\/3rproprete.fr\/entreprise-de-nettoyage\/wp-content\/uploads\/2018\/10\/Logos3R-transparent2-300x111.png 300w\" sizes=\"(max-width: 622px) 100vw, 622px\" \/><\/figure><\/div>\n\n\n\n<p><\/p>\n<\/div>\n\n\n\n<div class=\"wp-block-column is-layout-flow wp-block-column-is-layout-flow\">\n<p class=\"justifier\">La notori\u00e9t\u00e9 de 3R Propret\u00e9, vient de la relation privil\u00e9gi\u00e9e qu\u2019elle entretient avec ses clients, sa qualit\u00e9 de service et sa disponibilit\u00e9.<\/p>\n\n\n\n<p class=\"justifier\">Sa croissance est en majeure partie li\u00e9e au \u00ab Bouche \u00e0 Oreille \u00bb et gr\u00e2ce \u00e0 la performance et \u00e0 la qualit\u00e9 de ses prestations et des \u00e9quipes qui la g\u00e8rent.<\/p>\n<\/div>\n<\/div>\n\n\n\n<p>&nbsp;<\/p>\n\n\n\n<p>&nbsp;<\/p>\n\n\n\n<h3 class=\"wp-block-heading\" style=\"text-align:center\"><strong><em>\u00ab\u00a0<\/em><\/strong>UN SCH\u00c9MA D\u00c9CISIONNEL COURT, PERMET D\u2019AVOIR UNE MEILLEURE R\u00c9ACTIVIT\u00c9 \u00ab\u00a0<\/h3>\n\n\n\n<p>&nbsp;<\/p>\n\n\n\n<h4 class=\"wp-block-heading\">&nbsp;<\/h4>\n\n\n\n<h4 class=\"wp-block-heading\">&nbsp;<\/h4>\n\n\n\n<p><strong>L\u2019image de marque des \u00ab 3R \u00bb<\/strong> <\/p>\n\n\n\n<p class=\"justifier\"><strong>R\u00e9activit\u00e9<\/strong> : Implant\u00e9e essentiellement sur Paris et sa proche banlieue, 3R Propret\u00e9 assure une r\u00e9activit\u00e9 \u00e0 toutes vos demandes et vous garantit une intervention en moins de deux heures. Nos responsables sont amen\u00e9s \u00e0 s\u2019adapter \u00e0 tout dysfonctionnement pour que l\u2019accueil de l\u2019ensemble de vos collaborateurs soit assur\u00e9 en toute s\u00e9r\u00e9nit\u00e9.<\/p>\n\n\n\n<p class=\"justifier\"><strong>Rigueur<\/strong> : Le cap de la rigueur est maintenu au travers du respect de proc\u00e9dures simples, mise en place pour nos intervenants. Sens affirm\u00e9 de notre qualit\u00e9 de services, toutes les op\u00e9rations sont planifi\u00e9es et rigoureusement suivies, pour faciliter l\u2019organisation et respecter les t\u00e2ches \u00e0 r\u00e9aliser.<\/p>\n\n\n\n<p class=\"justifier\"><strong>R\u00e9sultats<\/strong> : La qualit\u00e9 de service \u00e9tant au c\u0153ur de notre culture d\u2019entreprise, la volont\u00e9 de faire toujours mieux, entra\u00eene nos \u00e9quipes dans une mobilisation g\u00e9n\u00e9rale.<\/p>\n\n\n\n<h4 class=\"wp-block-heading\">&nbsp;<\/h4>\n\n\n\n<h4 class=\"wp-block-heading\">&nbsp;<\/h4>\n\n\n\n<h3 class=\"wp-block-heading\" style=\"text-align:center\"><strong><em>\u00ab\u00a0<\/em><\/strong>LA PERFORMANCE EST AU C\u0152UR DE NOTRE CULTURE D\u2019ENTREPRISE\u00a0\u00bb<\/h3>\n\n\n\n<h4 class=\"wp-block-heading\">&nbsp;<\/h4>\n\n\n\n<h4 class=\"wp-block-heading\">&nbsp;<\/h4>\n\n\n\n<div class=\"wp-block-image\"><figure class=\"aligncenter\"><img loading=\"lazy\" decoding=\"async\" width=\"196\" height=\"95\" src=\"http:\/\/3rproprete.fr\/entreprise-de-nettoyage\/wp-content\/uploads\/2018\/07\/fep_logo.gif\" alt=\"\" class=\"wp-image-183\"\/><\/figure><\/div>\n\n\n\n<h4 class=\"wp-block-heading\">&nbsp;<\/h4>\n\n\n\n<h4 class=\"wp-block-heading\">&nbsp;<\/h4>\n\n\n\n<h4 class=\"wp-block-heading\">3R Propret\u00e9 c\u2019est :<\/h4>\n\n\n\n<p><\/p>\n\n\n\n<div class=\"wp-block-image\"><figure class=\"aligncenter\"><img loading=\"lazy\" decoding=\"async\" width=\"607\" height=\"1024\" src=\"http:\/\/3rproprete.fr\/entreprise-de-nettoyage\/wp-content\/uploads\/2024\/02\/schema-3rp-2024-607x1024.jpg\" alt=\"\" class=\"wp-image-961\" srcset=\"http:\/\/3rproprete.fr\/entreprise-de-nettoyage\/wp-content\/uploads\/2024\/02\/schema-3rp-2024-607x1024.jpg 607w, http:\/\/3rproprete.fr\/entreprise-de-nettoyage\/wp-content\/uploads\/2024\/02\/schema-3rp-2024-178x300.jpg 178w, http:\/\/3rproprete.fr\/entreprise-de-nettoyage\/wp-content\/uploads\/2024\/02\/schema-3rp-2024-768x1296.jpg 768w, http:\/\/3rproprete.fr\/entreprise-de-nettoyage\/wp-content\/uploads\/2024\/02\/schema-3rp-2024.jpg 800w\" sizes=\"(max-width: 607px) 100vw, 607px\" \/><\/figure><\/div>\n\n\n\n<h2 class=\"wp-block-heading\">&nbsp;<\/h2>\n\n\n\n<p>&nbsp;<\/p>\n\n\n\n<p><\/p>\n","protected":false},"excerpt":{"rendered":"<div class=\"slide-text-bg2\">\n<h3>&nbsp; &nbsp; La notori\u00e9t\u00e9 de 3R Propret\u00e9, vient de la relation privil\u00e9gi\u00e9e qu\u2019elle entretient avec ses clients, sa qualit\u00e9 de<\/h3>\n<\/div>\n<div class=\"flex-btn-div\"><a href=\"http:\/\/3rproprete.fr\/entreprise-de-nettoyage\/presentation\/3r-proprete\/\" class=\"btn1 flex-btn\">Read More<\/a><\/div>\n","protected":false},"author":1,"featured_media":0,"parent":18,"menu_order":1,"comment_status":"closed","ping_status":"closed","template":"fullwidth.php","meta":{"footnotes":""},"_links":{"self":[{"href":"http:\/\/3rproprete.fr\/entreprise-de-nettoyage\/wp-json\/wp\/v2\/pages\/46"}],"collection":[{"href":"http:\/\/3rproprete.fr\/entreprise-de-nettoyage\/wp-json\/wp\/v2\/pages"}],"about":[{"href":"http:\/\/3rproprete.fr\/entreprise-de-nettoyage\/wp-json\/wp\/v2\/types\/page"}],"author":[{"embeddable":true,"href":"http:\/\/3rproprete.fr\/entreprise-de-nettoyage\/wp-json\/wp\/v2\/users\/1"}],"replies":[{"embeddable":true,"href":"http:\/\/3rproprete.fr\/entreprise-de-nettoyage\/wp-json\/wp\/v2\/comments?post=46"}],"version-history":[{"count":88,"href":"http:\/\/3rproprete.fr\/entreprise-de-nettoyage\/wp-json\/wp\/v2\/pages\/46\/revisions"}],"predecessor-version":[{"id":962,"href":"http:\/\/3rproprete.fr\/entreprise-de-nettoyage\/wp-json\/wp\/v2\/pages\/46\/revisions\/962"}],"up":[{"embeddable":true,"href":"http:\/\/3rproprete.fr\/entreprise-de-nettoyage\/wp-json\/wp\/v2\/pages\/18"}],"wp:attachment":[{"href":"http:\/\/3rproprete.fr\/entreprise-de-nettoyage\/wp-json\/wp\/v2\/media?parent=46"}],"curies":[{"name":"wp","href":"https:\/\/api.w.org\/{rel}","templated":true}]}}