{"id":24,"date":"2018-07-04T11:46:09","date_gmt":"2018-07-04T09:46:09","guid":{"rendered":"http:\/\/3rproprete.fr\/entreprise-de-nettoyage\/?page_id=24"},"modified":"2018-11-04T22:17:02","modified_gmt":"2018-11-04T21:17:02","slug":"contacts","status":"publish","type":"page","link":"http:\/\/3rproprete.fr\/entreprise-de-nettoyage\/contacts\/","title":{"rendered":"Contacts"},"content":{"rendered":"<div class=\"contact-page\">\n<div class=\"col-md-8\">\n<div class=\"wpcf7 no-js\" id=\"wpcf7-f188-o1\" lang=\"fr-FR\" dir=\"ltr\">\n<div class=\"screen-reader-response\"><p role=\"status\" aria-live=\"polite\" aria-atomic=\"true\"><\/p> <ul><\/ul><\/div>\n<form action=\"\/entreprise-de-nettoyage\/wp-json\/wp\/v2\/pages\/24#wpcf7-f188-o1\" method=\"post\" class=\"wpcf7-form init\" aria-label=\"Formulaire de contact\" novalidate=\"novalidate\" data-status=\"init\">\n<div style=\"display: none;\">\n<input type=\"hidden\" name=\"_wpcf7\" value=\"188\" \/>\n<input type=\"hidden\" name=\"_wpcf7_version\" value=\"5.8.7\" \/>\n<input type=\"hidden\" name=\"_wpcf7_locale\" value=\"fr_FR\" \/>\n<input type=\"hidden\" name=\"_wpcf7_unit_tag\" value=\"wpcf7-f188-o1\" \/>\n<input type=\"hidden\" name=\"_wpcf7_container_post\" value=\"0\" \/>\n<input type=\"hidden\" name=\"_wpcf7_posted_data_hash\" value=\"\" \/>\n<input type=\"hidden\" name=\"_wpcf7_recaptcha_response\" value=\"\" \/>\n<\/div>\n<h3> Vous souhaitez \u00eatre contact\u00e9 de pr\u00e9f\u00e9rence par :\n<\/h3>\n<h3> <span class=\"wpcf7-form-control-wrap\" data-name=\"choix-contact\"><span class=\"wpcf7-form-control wpcf7-radio\"><span class=\"wpcf7-list-item first\"><input type=\"radio\" name=\"choix-contact\" value=\"Email\" checked=\"checked\" \/><span class=\"wpcf7-list-item-label\">Email<\/span><\/span><span class=\"wpcf7-list-item last\"><input type=\"radio\" name=\"choix-contact\" value=\"T\u00e9l\u00e9phone\" \/><span class=\"wpcf7-list-item-label\">T\u00e9l\u00e9phone<\/span><\/span><\/span><\/span>\n<\/h3>\n<p><label><br \/>\n<span class=\"wpcf7-form-control-wrap\" data-name=\"your-name-entreprise\"><input size=\"40\" class=\"wpcf7-form-control wpcf7-text wpcf7-validates-as-required\" aria-required=\"true\" aria-invalid=\"false\" placeholder=\"Nom de l&#039;entreprise *\" value=\"\" type=\"text\" name=\"your-name-entreprise\" \/><\/span> <\/label>\n<\/p>\n<p><label><br \/>\n<span class=\"wpcf7-form-control-wrap\" data-name=\"your-name\"><input size=\"40\" class=\"wpcf7-form-control wpcf7-text wpcf7-validates-as-required\" aria-required=\"true\" aria-invalid=\"false\" placeholder=\"Personne \u00e0 contacter *\" value=\"\" type=\"text\" name=\"your-name\" \/><\/span> <\/label>\n<\/p>\n<p><label><br \/>\n<span class=\"wpcf7-form-control-wrap\" data-name=\"your-tel\"><input size=\"40\" class=\"wpcf7-form-control wpcf7-tel wpcf7-validates-as-required wpcf7-text wpcf7-validates-as-tel\" aria-required=\"true\" aria-invalid=\"false\" placeholder=\"T\u00e9l\u00e9phone *\" value=\"\" type=\"tel\" name=\"your-tel\" \/><\/span> <\/label>\n<\/p>\n<p><label><br \/>\n<span class=\"wpcf7-form-control-wrap\" data-name=\"your-email\"><input size=\"40\" class=\"wpcf7-form-control wpcf7-email wpcf7-validates-as-required wpcf7-text wpcf7-validates-as-email\" aria-required=\"true\" aria-invalid=\"false\" placeholder=\"Email *\" value=\"\" type=\"email\" name=\"your-email\" \/><\/span> <\/label>\n<\/p>\n<p><label><br \/>\n<span class=\"wpcf7-form-control-wrap\" data-name=\"your-cpostal\"><input class=\"wpcf7-form-control wpcf7-number wpcf7-validates-as-required wpcf7-validates-as-number\" aria-required=\"true\" aria-invalid=\"false\" placeholder=\"Code postal\" value=\"\" type=\"number\" name=\"your-cpostal\" \/><\/span> <\/label>\n<\/p>\n<p><label><br \/>\n<span class=\"wpcf7-form-control-wrap\" data-name=\"your-message\"><textarea cols=\"40\" rows=\"10\" class=\"wpcf7-form-control wpcf7-textarea\" aria-invalid=\"false\" placeholder=\"Compl\u00e9ment d\u2019information\" name=\"your-message\"><\/textarea><\/span> <\/label>\n<\/p>\n<p><input class=\"wpcf7-form-control wpcf7-submit has-spinner\" type=\"submit\" value=\"Envoyer\" \/>\n<\/p>\n<p>* Obligatoire\n<\/p><p style=\"display: none !important;\" class=\"akismet-fields-container\" data-prefix=\"_wpcf7_ak_\"><label>&#916;<textarea name=\"_wpcf7_ak_hp_textarea\" cols=\"45\" rows=\"8\" maxlength=\"100\"><\/textarea><\/label><input type=\"hidden\" id=\"ak_js_1\" name=\"_wpcf7_ak_js\" value=\"75\"\/><script>document.getElementById( \"ak_js_1\" ).setAttribute( \"value\", ( new Date() ).getTime() );<\/script><\/p><div class=\"wpcf7-response-output\" aria-hidden=\"true\"><\/div>\n<\/form>\n<\/div>\n<\/div>\n<div class=\"col-md-4\">\n<div class=\"contact-detail\">\n<div class=\"comment-title\">\n<h3>Informations de contact<\/h3>\n<\/div>\n<address><strong>Si\u00e8ge Social<\/strong><br \/>\n3R Propret\u00e9<br \/>\n<i class=\"fa fa-map-marker\"><\/i> 1, rue de Stockholm, 75008 Paris, France.<\/address>\n<address><strong>Agence IDF<\/strong><br \/>\n<i class=\"fa fa-map-marker\"><\/i> 2, rue du Midi 93140 Bondy &#8211; France<\/address>\n<address><strong>Horaires<\/strong><br \/>\nDu lundi au vendredi<br \/>\n9h00 \u00e0 12h00 &#8211; 13h30 \u00e0 18h00<\/address>\n<p><i class=\"fa fa-phone\"><\/i> 01 48 47 34 89<\/p>\n<\/div>\n<\/div>\n<div style=\"clear: both;\"><\/div>\n<\/div>\n<p><iframe loading=\"lazy\" style=\"border: 0;\" src=\"https:\/\/www.google.com\/maps\/embed?pb=!1m18!1m12!1m3!1d10496.54305476978!2d2.326916484406153!3d48.87468837942859!2m3!1f0!2f0!3f0!3m2!1i1024!2i768!4f13.1!3m3!1m2!1s0x47e66fb559a10fe1%3A0xd95bf75f3258ad2!2s1+Rue+de+Stockholm%2C+75008+Paris!5e0!3m2!1sfr!2sfr!4v1531314664900\" width=\"100%\" height=\"550px\" frameborder=\"0\" allowfullscreen=\"allowfullscreen\"><span data-mce-type=\"bookmark\" style=\"display: inline-block; width: 0px; overflow: hidden; line-height: 0;\" class=\"mce_SELRES_start\">\ufeff<\/span><span data-mce-type=\"bookmark\" style=\"display: inline-block; width: 0px; overflow: hidden; line-height: 0;\" class=\"mce_SELRES_start\">\ufeff<\/span><\/iframe><\/p>\n","protected":false},"excerpt":{"rendered":"<div class=\"slide-text-bg2\">\n<h3>Informations de contact Si\u00e8ge Social 3R Propret\u00e9 1, rue de Stockholm, 75008 Paris, France. Agence IDF 2, rue du Midi<\/h3>\n<\/div>\n<div class=\"flex-btn-div\"><a href=\"http:\/\/3rproprete.fr\/entreprise-de-nettoyage\/contacts\/\" class=\"btn1 flex-btn\">Read More<\/a><\/div>\n","protected":false},"author":1,"featured_media":0,"parent":0,"menu_order":0,"comment_status":"closed","ping_status":"closed","template":"","meta":{"footnotes":""},"_links":{"self":[{"href":"http:\/\/3rproprete.fr\/entreprise-de-nettoyage\/wp-json\/wp\/v2\/pages\/24"}],"collection":[{"href":"http:\/\/3rproprete.fr\/entreprise-de-nettoyage\/wp-json\/wp\/v2\/pages"}],"about":[{"href":"http:\/\/3rproprete.fr\/entreprise-de-nettoyage\/wp-json\/wp\/v2\/types\/page"}],"author":[{"embeddable":true,"href":"http:\/\/3rproprete.fr\/entreprise-de-nettoyage\/wp-json\/wp\/v2\/users\/1"}],"replies":[{"embeddable":true,"href":"http:\/\/3rproprete.fr\/entreprise-de-nettoyage\/wp-json\/wp\/v2\/comments?post=24"}],"version-history":[{"count":29,"href":"http:\/\/3rproprete.fr\/entreprise-de-nettoyage\/wp-json\/wp\/v2\/pages\/24\/revisions"}],"predecessor-version":[{"id":618,"href":"http:\/\/3rproprete.fr\/entreprise-de-nettoyage\/wp-json\/wp\/v2\/pages\/24\/revisions\/618"}],"wp:attachment":[{"href":"http:\/\/3rproprete.fr\/entreprise-de-nettoyage\/wp-json\/wp\/v2\/media?parent=24"}],"curies":[{"name":"wp","href":"https:\/\/api.w.org\/{rel}","templated":true}]}}